{"id":4092,"date":"2021-12-22T13:35:39","date_gmt":"2021-12-22T13:35:39","guid":{"rendered":"http:\/\/kanjoproducers.es\/audio-visual-experiences\/"},"modified":"2022-05-06T08:19:39","modified_gmt":"2022-05-06T08:19:39","slug":"audio-visual-experiences","status":"publish","type":"page","link":"https:\/\/kanjoproducers.es\/en\/audiovisual-experiences-videomapping-3dvrar-lighting-holograms\/","title":{"rendered":"Audio Visual Experiences"},"content":{"rendered":"<section class=\"wpb-content-wrapper\"><p>[vc_row full_width=&#8221;stretch_row_content&#8221; video_bg=&#8221;yes&#8221; video_bg_url=&#8221;https:\/\/www.youtube.com\/watch?v=Za0mfvX2XWc&#8221;][vc_column parallax=&#8221;content-moving&#8221; css=&#8221;.vc_custom_1647258779876{background-color: rgba(10,10,10,0.41) !important;*background-color: rgb(10,10,10) !important;}&#8221; offset=&#8221;vc_hidden-sm vc_hidden-xs&#8221;][vc_empty_space height=&#8221;125&#8243;][ct_heading text=&#8221;AUDIO VISUAL <ins>EXPERIENCES<\/ins>&#8221; align_lg=&#8221;align-center&#8221; align_md=&#8221;align-center-md&#8221; align_sm=&#8221;align-center-sm&#8221; align_xs=&#8221;align-center-xs&#8221; font_size_md=&#8221;36&#8243; font_size_sm=&#8221;32&#8243; font_size_xs=&#8221;32&#8243; font_weight=&#8221;400&#8243; text_color=&#8221;#ffffff&#8221; show_gap=&#8221;hide&#8221; font_weight_sub=&#8221;&#8221;][ct_heading text=&#8221;Video Mapping, VR &amp; AR, Lighting, Holographs.&#8221; tag=&#8221;h1&#8243; align_lg=&#8221;align-center&#8221; align_md=&#8221;align-center-md&#8221; align_sm=&#8221;align-center-sm&#8221; align_xs=&#8221;align-center-xs&#8221; font_size=&#8221;28&#8243; font_size_md=&#8221;28&#8243; font_size_sm=&#8221;28&#8243; font_size_xs=&#8221;28&#8243; font_weight=&#8221;&#8221; text_color=&#8221;#ffffff&#8221; subtitle_color=&#8221;#ffffff&#8221; font_weight_sub=&#8221;&#8221; description=&#8221;We create visual fantasies that transform any space or surface into amazing communication.&#8221; description_color=&#8221;#ffffff&#8221;][vc_empty_space height=&#8221;50&#8243;][ct_angled angled_pos=&#8221;bottom&#8221; angled_color=&#8221;#ffffff&#8221; angled_height=&#8221;50&#8243;][ct_video_player video_link=&#8221;url:https%3A%2F%2Fplayer.vimeo.com%2Fvideo%2F665926538%3Fh%3Dc7ef3da638&#8243; el_class=&#8221;d-flex justify-content-center&#8221;][vc_empty_space height=&#8221;35&#8243;][vc_column_text]<\/p>\n<h5 style=\"text-align: center; color: white;\">REEL AUDIOVISUAL EXPERIENCES<\/h5>\n<p>[\/vc_column_text][vc_empty_space height=&#8221;125&#8243;][\/vc_column][\/vc_row][vc_row full_width=&#8221;stretch_row_content&#8221; parallax=&#8221;content-moving&#8221; parallax_image=&#8221;4343&#8243;][vc_column parallax=&#8221;content-moving&#8221; css=&#8221;.vc_custom_1647258786788{background-color: rgba(10,10,10,0.41) !important;*background-color: rgb(10,10,10) !important;}&#8221; offset=&#8221;vc_hidden-lg vc_hidden-md&#8221;][vc_empty_space height=&#8221;125&#8243;][ct_heading text=&#8221;AUDIO VISUAL <ins>EXPERIENCES<\/ins>&#8221; align_lg=&#8221;align-center&#8221; align_md=&#8221;align-center-md&#8221; align_sm=&#8221;align-center-sm&#8221; align_xs=&#8221;align-center-xs&#8221; font_size_md=&#8221;36&#8243; font_size_sm=&#8221;32&#8243; font_size_xs=&#8221;32&#8243; font_weight=&#8221;400&#8243; text_color=&#8221;#ffffff&#8221; show_gap=&#8221;hide&#8221; font_weight_sub=&#8221;&#8221;][ct_heading text=&#8221;Video Mapping, VR &amp; AR, Lighting, Holographs.&#8221; tag=&#8221;h1&#8243; align_lg=&#8221;align-center&#8221; align_md=&#8221;align-center-md&#8221; align_sm=&#8221;align-center-sm&#8221; align_xs=&#8221;align-center-xs&#8221; font_size=&#8221;28&#8243; font_size_md=&#8221;28&#8243; font_size_sm=&#8221;28&#8243; font_size_xs=&#8221;28&#8243; font_weight=&#8221;&#8221; text_color=&#8221;#ffffff&#8221; subtitle_color=&#8221;#ffffff&#8221; font_weight_sub=&#8221;&#8221; description=&#8221;We create visual fantasies that transform any space or surface into amazing communication.&#8221; description_color=&#8221;#ffffff&#8221;][vc_empty_space height=&#8221;50&#8243;][ct_angled angled_pos=&#8221;bottom&#8221; angled_color=&#8221;#ffffff&#8221; angled_height=&#8221;50&#8243;][ct_video_player video_link=&#8221;url:https%3A%2F%2Fplayer.vimeo.com%2Fvideo%2F665926538%3Fh%3Dc7ef3da638&#8243; el_class=&#8221;d-flex justify-content-center&#8221;][vc_empty_space height=&#8221;35&#8243;][vc_column_text]<\/p>\n<h5 style=\"text-align: center; color: white;\">REEL AUDIOVISUAL EXPERIENCES<\/h5>\n<p>[\/vc_column_text][vc_empty_space height=&#8221;125&#8243;][\/vc_column][\/vc_row][vc_row][vc_column][vc_empty_space height=&#8221;50px&#8221;][vc_column_text]<\/p>\n<p style=\"text-align: center; font-size: 18px;\"><strong>At KANJO we design and create high emotional impact audiovisual experiences that allow us to transform any space or surface into surprising communication. Each audiovisual experience is unique, created specifically for each event or show and executed only on the structure, space or surface for which it has been conceived and adapted.<\/strong><br \/>\n<strong>We create amazing experiences for your target audience, with incredible effects and spectacular recreations that position and strengthen your brand.<\/strong><\/p>\n<p>[\/vc_column_text][\/vc_column][\/vc_row][vc_row full_width=&#8221;stretch_row&#8221;][vc_column offset=&#8221;vc_hidden-sm vc_hidden-xs&#8221;][vc_empty_space height=&#8221;125px&#8221;][\/vc_column][\/vc_row][vc_row full_width=&#8221;stretch_row&#8221;][vc_column width=&#8221;1\/2&#8243; css=&#8221;.vc_custom_1648554015346{padding-top: 0px !important;}&#8221; offset=&#8221;vc_hidden-sm vc_hidden-xs&#8221;][ct_heading text=&#8221;VIDEO<ins>MAPPING<\/ins>&#8221; tag=&#8221;h2&#8243; font_size_md=&#8221;36&#8243; font_size_sm=&#8221;32&#8243; font_size_xs=&#8221;32&#8243; font_weight=&#8221;400&#8243; font_weight_sub=&#8221;&#8221;][vc_column_text]<strong>What does it consist of?<\/strong><br \/>\n<strong>VIDEO MAPPING<\/strong> is an innovative <strong>technique consisting of projecting still images, video and 3D animations<\/strong>, animations. accompanied by light and sound effects of all types on surfaces, adapting to their contours and achieving spectacular results.<br \/>\nA unique show made to measure and on any theme that you want to capture, achieving a great impact as they are enjoyed by the public in situ and also, given their spectacular nature, they are massively reproduced in the media and social networks.<br \/>\nAll this makes Videomapping a very powerful advertising channel for sponsoring cities and brands.[\/vc_column_text][vc_column_text]<strong>What do we do?<\/strong><br \/>\nAt KANJO we work with the best 3D video mapping studios so you can surprise your clients.<\/p>\n<p>And so through video mapping we create visual illusions that become a tangible and interactive reality with the public.[\/vc_column_text][ct_button button_text=&#8221;CONTACT US&#8221; button_link=&#8221;url:http%3A%2F%2Fkanjoproducers.es%2Fen%2Fcontact-us%2F|title:Contact%20us&#8221;][vc_empty_space height=&#8221;100px&#8221;][\/vc_column][vc_column width=&#8221;1\/2&#8243; ct_column_class=&#8221;rm-padding-lg&#8221; offset=&#8221;vc_hidden-sm vc_hidden-xs&#8221;][vc_empty_space height=&#8221;100px&#8221;][ct_video_player video_link=&#8221;url:https%3A%2F%2Fvimeo.com%2F452185995&#8243; video_button_style=&#8221;style2&#8243; intro=&#8221;3124&#8243; el_class=&#8221;text-center&#8221;][\/vc_column][\/vc_row][vc_row full_width=&#8221;stretch_row&#8221;][vc_column width=&#8221;1\/2&#8243; css=&#8221;.vc_custom_1648554026691{padding-top: 0px !important;}&#8221; offset=&#8221;vc_hidden-lg vc_hidden-md&#8221;][ct_heading text=&#8221;VIDEO<ins>MAPPING<\/ins>&#8221; tag=&#8221;h2&#8243; font_size_md=&#8221;36&#8243; font_size_sm=&#8221;32&#8243; font_size_xs=&#8221;32&#8243; font_weight=&#8221;400&#8243; font_weight_sub=&#8221;&#8221;][vc_column_text]<strong>What does it consist of?<\/strong><br \/>\n<strong>VIDEO MAPPING<\/strong> is an innovative <strong>technique consisting of projecting still images, video and 3D animations<\/strong>, animations. accompanied by light and sound effects of all types on surfaces, adapting to their contours and achieving spectacular results.<br \/>\nA unique show made to measure and on any theme that you want to capture, achieving a great impact as they are enjoyed by the public in situ and also, given their spectacular nature, they are massively reproduced in the media and social networks.<br \/>\nAll this makes Videomapping a very powerful advertising channel for sponsoring cities and brands.[\/vc_column_text][vc_column_text]<strong>What do we do?<\/strong><br \/>\nAt KANJO we work with the best 3D video mapping studios so you can surprise your clients.<\/p>\n<p>And so through video mapping we create visual illusions that become a tangible and interactive reality with the public.[\/vc_column_text][ct_button button_text=&#8221;CONTACT US&#8221; button_link=&#8221;url:http%3A%2F%2Fkanjoproducers.es%2Fen%2Fcontact-us%2F|title:Contact%20us&#8221;][\/vc_column][vc_column width=&#8221;1\/2&#8243; ct_column_class=&#8221;rm-padding-lg&#8221; offset=&#8221;vc_hidden-lg vc_hidden-md&#8221;][vc_empty_space height=&#8221;100px&#8221;][ct_video_player video_link=&#8221;url:https%3A%2F%2Fvimeo.com%2F452185995&#8243; video_button_style=&#8221;style2&#8243; intro=&#8221;3124&#8243; el_class=&#8221;text-center&#8221;][vc_empty_space height=&#8221;100px&#8221;][\/vc_column][\/vc_row][vc_row full_width=&#8221;stretch_row&#8221; parallax=&#8221;content-moving&#8221; parallax_image=&#8221;1965&#8243; parallax_speed_bg=&#8221;1.6&#8243; ct_row_class=&#8221;row-overlay&#8221; css=&#8221;.vc_custom_1640178696759{background-color: rgba(10,10,10,0.45) !important;*background-color: rgb(10,10,10) !important;}&#8221;][vc_column css=&#8221;.vc_custom_1541752613255{padding-top: 100px !important;padding-bottom: 110px !important;}&#8221;][vc_empty_space height=&#8221;10px&#8221;][ct_heading text=&#8221;VIDEOMAPPING&#8221; typing_style=&#8221;style2&#8243; tag=&#8221;h2&#8243; align_lg=&#8221;align-center&#8221; align_md=&#8221;align-center-md&#8221; align_sm=&#8221;align-center-sm&#8221; align_xs=&#8221;align-center-xs&#8221; font_weight=&#8221;&#8221; text_color=&#8221;#ffffff&#8221; show_gap=&#8221;hide&#8221; font_weight_sub=&#8221;&#8221; typingout=&#8221;&#8220;OF BUILDINGS&#8220;, &#8220;ADVERTISING&#8220;, &#8220;TABLE&#8220;, &#8220;ARTISTIC&#8220;&#8221;][vc_empty_space height=&#8221;10px&#8221;][\/vc_column][\/vc_row][vc_row full_width=&#8221;stretch_row&#8221;][vc_column offset=&#8221;vc_hidden-sm vc_hidden-xs&#8221;][vc_empty_space height=&#8221;125px&#8221;][\/vc_column][\/vc_row][vc_row][vc_column width=&#8221;1\/2&#8243; offset=&#8221;vc_hidden-sm vc_hidden-xs&#8221;][vc_empty_space height=&#8221;100px&#8221;][ct_video_player video_link=&#8221;url:https%3A%2F%2Fvimeo.com%2F538804247&#8243; video_button_style=&#8221;style2&#8243; intro=&#8221;3122&#8243; el_class=&#8221;text-center&#8221;][ct_space space_lg=&#8221;0&#8243; space_md=&#8221;0&#8243; space_sm=&#8221;0&#8243; space_xs=&#8221;45&#8243;][vc_empty_space height=&#8221;50px&#8221;][\/vc_column][vc_column width=&#8221;1\/2&#8243; offset=&#8221;vc_hidden-sm vc_hidden-xs&#8221;][ct_heading text=&#8221;3D\/VR <ins>&amp; AR<\/ins>&#8221; tag=&#8221;h2&#8243; font_size_md=&#8221;36&#8243; font_size_sm=&#8221;32&#8243; font_size_xs=&#8221;32&#8243; font_weight=&#8221;400&#8243; font_weight_sub=&#8221;&#8221;][vc_column_text]<strong>What does it consist of?<br \/>\n<\/strong>Virtual Reality (AR) is a computer created technology that allows the user to experience and interact with a 3D world that does not actually exist.<br \/>\nAugmented Reality (AR) is a technology that is superimposed on the user&#8217;s real world, through a layer of virtual elements (text or virtual images generated by a computer&#8230;).<\/p>\n<p><strong>What do we do?<\/strong><br \/>\nAt KANJO we work with the best VR &amp; AR studios so you can modify and create new virtual worlds where you can show off your brand.<br \/>\nAnd so we create immersive experiences with high emotional impact.[\/vc_column_text][ct_button button_text=&#8221;CONTACT US&#8221; button_link=&#8221;url:http%3A%2F%2Fkanjoproducers.es%2Fen%2Fcontact-us%2F|title:Contact%20us&#8221;][vc_empty_space height=&#8221;100px&#8221;][\/vc_column][\/vc_row][vc_row][vc_column width=&#8221;1\/2&#8243; offset=&#8221;vc_hidden-lg vc_hidden-md&#8221;][vc_empty_space height=&#8221;100px&#8221;][ct_heading text=&#8221;3D\/VR <ins>&amp; AR<\/ins>&#8221; tag=&#8221;h2&#8243; font_size_md=&#8221;36&#8243; font_size_sm=&#8221;32&#8243; font_size_xs=&#8221;32&#8243; font_weight=&#8221;400&#8243; font_weight_sub=&#8221;&#8221;][vc_column_text]<strong>What does it consist of?<br \/>\n<\/strong>Virtual Reality (AR) is a computer created technology that allows the user to experience and interact with a 3D world that does not actually exist.<br \/>\nAugmented Reality (AR) is a technology that is superimposed on the user&#8217;s real world, through a layer of virtual elements (text or virtual images generated by a computer&#8230;).<\/p>\n<p><strong>What do we do?<\/strong><br \/>\nAt KANJO we work with the best VR &amp; AR studios so you can modify and create new virtual worlds where you can show off your brand.<br \/>\nAnd so we create immersive experiences with high emotional impact.[\/vc_column_text][ct_button button_text=&#8221;CONTACT US&#8221; button_link=&#8221;url:http%3A%2F%2Fkanjoproducers.es%2Fen%2Fcontact-us%2F|title:Contact%20us&#8221;][vc_empty_space height=&#8221;100px&#8221;][\/vc_column][vc_column width=&#8221;1\/2&#8243; offset=&#8221;vc_hidden-lg vc_hidden-md&#8221;][ct_video_player video_link=&#8221;url:https%3A%2F%2Fvimeo.com%2F538804247&#8243; video_button_style=&#8221;style2&#8243; intro=&#8221;3122&#8243; el_class=&#8221;text-center&#8221;][ct_space space_lg=&#8221;0&#8243; space_md=&#8221;0&#8243; space_sm=&#8221;0&#8243; space_xs=&#8221;45&#8243;][vc_empty_space height=&#8221;50px&#8221;][\/vc_column][\/vc_row][vc_row full_width=&#8221;stretch_row&#8221; parallax=&#8221;content-moving&#8221; parallax_image=&#8221;1962&#8243; parallax_speed_bg=&#8221;1.6&#8243; ct_row_class=&#8221;row-overlay&#8221; css=&#8221;.vc_custom_1640178720421{background-color: rgba(10,10,10,0.45) !important;*background-color: rgb(10,10,10) !important;}&#8221;][vc_column css=&#8221;.vc_custom_1541752613255{padding-top: 100px !important;padding-bottom: 110px !important;}&#8221;][vc_empty_space height=&#8221;10px&#8221;][ct_heading text=&#8221;3D&#8221; typing_style=&#8221;style2&#8243; tag=&#8221;h2&#8243; align_lg=&#8221;align-center&#8221; align_md=&#8221;align-center-md&#8221; align_sm=&#8221;align-center-sm&#8221; align_xs=&#8221;align-center-xs&#8221; font_weight=&#8221;&#8221; text_color=&#8221;#ffffff&#8221; show_gap=&#8221;hide&#8221; font_weight_sub=&#8221;&#8221; typingout=&#8221;&#8220; VR&#8220;, &#8220;AR&#8220;&#8221;][vc_empty_space height=&#8221;10px&#8221;][\/vc_column][\/vc_row][vc_row full_width=&#8221;stretch_row&#8221;][vc_column offset=&#8221;vc_hidden-sm vc_hidden-xs&#8221;][vc_empty_space height=&#8221;125px&#8221;][\/vc_column][\/vc_row][vc_row][vc_column width=&#8221;1\/2&#8243; css=&#8221;.vc_custom_1648554264924{padding-top: 0px !important;}&#8221; offset=&#8221;vc_hidden-sm vc_hidden-xs&#8221;][ct_heading text=&#8221;AMBIENT <ins>LIGHTING<\/ins>&#8221; tag=&#8221;h2&#8243; font_size_md=&#8221;36&#8243; font_size_sm=&#8221;32&#8243; font_size_xs=&#8221;32&#8243; font_weight=&#8221;400&#8243; font_weight_sub=&#8221;&#8221;][vc_column_text]<strong>What does it consist of?<\/strong><\/p>\n<p>An event or a show needs light to shine even brighter, which is why we provide you with the latest lighting techniques incorporating the latest laser and LED technologies.<\/p>\n<p><strong>What do we do?<\/strong><\/p>\n<p>At KANJO we work with the best lighting and lighting companies so that you can make your event shine.<br \/>\nAnd so we create high-impact visual experiences for your events, shows, concerts, theater, cinema, television and architectural and decorative lighting for exteriors and interiors.[\/vc_column_text][ct_button button_text=&#8221;CONTACT US&#8221; button_link=&#8221;url:http%3A%2F%2Fkanjoproducers.es%2Fen%2Fcontact-us%2F|title:Contact%20us&#8221;][vc_empty_space height=&#8221;100px&#8221;][\/vc_column][vc_column width=&#8221;1\/2&#8243; ct_column_class=&#8221;rm-padding-lg&#8221; css=&#8221;.vc_custom_1648554270517{padding-top: 41px !important;}&#8221; offset=&#8221;vc_hidden-sm vc_hidden-xs&#8221;][vc_empty_space height=&#8221;50px&#8221;][ct_video_player video_link=&#8221;url:https%3A%2F%2Fvimeo.com%2F218751621&#8243; video_button_style=&#8221;style2&#8243; intro=&#8221;3125&#8243; el_class=&#8221;text-center&#8221;][vc_empty_space height=&#8221;50px&#8221;][\/vc_column][\/vc_row][vc_row][vc_column width=&#8221;1\/2&#8243; css=&#8221;.vc_custom_1648554276734{padding-top: 0px !important;}&#8221; offset=&#8221;vc_hidden-lg vc_hidden-md&#8221;][vc_empty_space height=&#8221;100px&#8221;][ct_heading text=&#8221;AMBIENT <ins>LIGHTING<\/ins>&#8221; tag=&#8221;h2&#8243; font_size_md=&#8221;36&#8243; font_size_sm=&#8221;32&#8243; font_size_xs=&#8221;32&#8243; font_weight=&#8221;400&#8243; font_weight_sub=&#8221;&#8221;][vc_column_text]<strong>What does it consist of?<\/strong><\/p>\n<p>An event or a show needs light to shine even brighter, which is why we provide you with the latest lighting techniques incorporating the latest laser and LED technologies.<\/p>\n<p><strong>What do we do?<\/strong><\/p>\n<p>At KANJO we work with the best lighting and lighting companies so that you can make your event shine.<br \/>\nAnd so we create high-impact visual experiences for your events, shows, concerts, theater, cinema, television and architectural and decorative lighting for exteriors and interiors.[\/vc_column_text][ct_button button_text=&#8221;CONTACT US&#8221; button_link=&#8221;url:http%3A%2F%2Fkanjoproducers.es%2Fen%2Fcontact-us%2F|title:Contact%20us&#8221;][\/vc_column][vc_column width=&#8221;1\/2&#8243; ct_column_class=&#8221;rm-padding-lg&#8221; css=&#8221;.vc_custom_1648554282175{padding-top: 41px !important;}&#8221; offset=&#8221;vc_hidden-lg vc_hidden-md&#8221;][vc_empty_space height=&#8221;50px&#8221;][ct_video_player video_link=&#8221;url:https%3A%2F%2Fvimeo.com%2F218751621&#8243; video_button_style=&#8221;style2&#8243; intro=&#8221;3125&#8243; el_class=&#8221;text-center&#8221;][vc_empty_space height=&#8221;50px&#8221;][\/vc_column][\/vc_row][vc_row full_width=&#8221;stretch_row&#8221; parallax=&#8221;content-moving&#8221; parallax_image=&#8221;1965&#8243; parallax_speed_bg=&#8221;1.6&#8243; ct_row_class=&#8221;row-overlay&#8221; css=&#8221;.vc_custom_1640178727463{background-color: rgba(10,10,10,0.45) !important;*background-color: rgb(10,10,10) !important;}&#8221;][vc_column css=&#8221;.vc_custom_1541752613255{padding-top: 100px !important;padding-bottom: 110px !important;}&#8221;][vc_empty_space height=&#8221;10px&#8221;][ct_heading text=&#8221;ILUMINATION&#8221; typing_style=&#8221;style2&#8243; tag=&#8221;h2&#8243; align_lg=&#8221;align-center&#8221; align_md=&#8221;align-center-md&#8221; align_sm=&#8221;align-center-sm&#8221; align_xs=&#8221;align-center-xs&#8221; font_weight=&#8221;&#8221; text_color=&#8221;#ffffff&#8221; show_gap=&#8221;hide&#8221; font_weight_sub=&#8221;&#8221; typingout=&#8221;&#8220;ENVIRONMENTAL&#8220;, &#8220;DECORATIVE&#8220;, &#8220;ARCHITECTURAL&#8220;, &#8220;ARTISTIC&#8220;&#8221;][vc_empty_space height=&#8221;10px&#8221;][\/vc_column][\/vc_row][vc_row full_width=&#8221;stretch_row&#8221;][vc_column offset=&#8221;vc_hidden-sm vc_hidden-xs&#8221;][vc_empty_space height=&#8221;125px&#8221;][\/vc_column][\/vc_row][vc_row][vc_column width=&#8221;1\/2&#8243; offset=&#8221;vc_hidden-sm vc_hidden-xs&#8221;][vc_empty_space height=&#8221;100px&#8221;][vc_video link=&#8221;https:\/\/vimeo.com\/644774396\/b2134ad749&#8243;][ct_space space_lg=&#8221;0&#8243; space_md=&#8221;0&#8243; space_sm=&#8221;0&#8243; space_xs=&#8221;45&#8243;][vc_empty_space height=&#8221;50px&#8221;][\/vc_column][vc_column width=&#8221;1\/2&#8243; offset=&#8221;vc_hidden-sm vc_hidden-xs&#8221;][ct_heading text=&#8221;HOLOGRAMS <ins><\/ins>&#8221; tag=&#8221;h2&#8243; font_size_md=&#8221;36&#8243; font_size_sm=&#8221;32&#8243; font_size_xs=&#8221;32&#8243; font_weight=&#8221;400&#8243; font_weight_sub=&#8221;&#8221;][vc_column_text]<strong>What does it consist of?<br \/>\n<\/strong>Real 3d holography is an optical illusion technology, achieved through a threedimensional visual projection that has no background, thus achieving a sense of presence.<\/p>\n<p><strong>What do we do?<\/strong><\/p>\n<p>At KANJO we work with the best studios in holographic systems so that you can promete a product or brand or impress at an event or show.<br \/>\nAnd so we develop ad hoc holograms for advertisers, C\u00edeatives and a\u00edtists to C\u00edeate marketing and advertising campaigns and take advantage of their high comme\u00edcial impact.<\/p>\n<p>[\/vc_column_text][ct_button button_text=&#8221;CONTACT US&#8221; button_link=&#8221;url:http%3A%2F%2Fkanjoproducers.es%2Fen%2Fcontact-us%2F|title:Contact%20us&#8221;][vc_empty_space height=&#8221;100px&#8221;][\/vc_column][\/vc_row][vc_row][vc_column width=&#8221;1\/2&#8243; offset=&#8221;vc_hidden-lg vc_hidden-md&#8221;][vc_empty_space height=&#8221;100px&#8221;][ct_heading text=&#8221;HOLOGRAMS <ins><\/ins>&#8221; tag=&#8221;h2&#8243; font_size_md=&#8221;36&#8243; font_size_sm=&#8221;32&#8243; font_size_xs=&#8221;32&#8243; font_weight=&#8221;400&#8243; font_weight_sub=&#8221;&#8221;][vc_column_text]<strong>What does it consist of?<br \/>\n<\/strong>Real 3d holography is an optical illusion technology, achieved through a threedimensional visual projection that has no background, thus achieving a sense of presence.<\/p>\n<p><strong>What do we do?<\/strong><\/p>\n<p>At KANJO we work with the best studios in holographic systems so that you can promete a product or brand or impress at an event or show.<br \/>\nAnd so we develop ad hoc holograms for advertisers, C\u00edeatives and a\u00edtists to C\u00edeate marketing and advertising campaigns and take advantage of their high comme\u00edcial impact.<\/p>\n<p>[\/vc_column_text][ct_button button_text=&#8221;CONTACT US&#8221; button_link=&#8221;url:http%3A%2F%2Fkanjoproducers.es%2Fen%2Fcontact-us%2F|title:Contact%20us&#8221;][\/vc_column][vc_column width=&#8221;1\/2&#8243; offset=&#8221;vc_hidden-lg vc_hidden-md&#8221;][vc_empty_space height=&#8221;100px&#8221;][vc_video link=&#8221;https:\/\/vimeo.com\/644774396\/b2134ad749&#8243;][ct_space space_lg=&#8221;0&#8243; space_md=&#8221;0&#8243; space_sm=&#8221;0&#8243; space_xs=&#8221;45&#8243;][vc_empty_space height=&#8221;50px&#8221;][\/vc_column][\/vc_row]<\/p>\n<\/section>","protected":false},"excerpt":{"rendered":"<p>[vc_row full_width=&#8221;stretch_row_content&#8221; video_bg=&#8221;yes&#8221; video_bg_url=&#8221;https:\/\/www.youtube.com\/watch?v=Za0mfvX2XWc&#8221;][vc_column parallax=&#8221;content-moving&#8221; css=&#8221;.vc_custom_1647258779876{background-color: rgba(10,10,10,0.41) !important;*background-color: rgb(10,10,10) !important;}&#8221; offset=&#8221;vc_hidden-sm vc_hidden-xs&#8221;][vc_empty_space height=&#8221;125&#8243;][ct_heading text=&#8221;AUDIO VISUAL EXPERIENCES&#8221; align_lg=&#8221;align-center&#8221; align_md=&#8221;align-center-md&#8221; align_sm=&#8221;align-center-sm&#8221; align_xs=&#8221;align-center-xs&#8221; font_size_md=&#8221;36&#8243; font_size_sm=&#8221;32&#8243; font_size_xs=&#8221;32&#8243; font_weight=&#8221;400&#8243; text_color=&#8221;#ffffff&#8221; show_gap=&#8221;hide&#8221; font_weight_sub=&#8221;&#8221;][ct_heading text=&#8221;Video Mapping, VR &amp; AR, Lighting, Holographs.&#8221; tag=&#8221;h1&#8243; align_lg=&#8221;align-center&#8221; align_md=&#8221;align-center-md&#8221; align_sm=&#8221;align-center-sm&#8221; align_xs=&#8221;align-center-xs&#8221; font_size=&#8221;28&#8243; font_size_md=&#8221;28&#8243; font_size_sm=&#8221;28&#8243; font_size_xs=&#8221;28&#8243; font_weight=&#8221;&#8221; text_color=&#8221;#ffffff&#8221; subtitle_color=&#8221;#ffffff&#8221; font_weight_sub=&#8221;&#8221; description=&#8221;We create visual fantasies that transform any space [&hellip;]<\/p>\n","protected":false},"author":1,"featured_media":0,"parent":0,"menu_order":0,"comment_status":"closed","ping_status":"closed","template":"","meta":{"_seopress_robots_primary_cat":"","_seopress_titles_title":"","_seopress_titles_desc":"We design and create high emotional impact audiovisual experiences","_seopress_robots_index":"","footnotes":""},"_links":{"self":[{"href":"https:\/\/kanjoproducers.es\/en\/wp-json\/wp\/v2\/pages\/4092"}],"collection":[{"href":"https:\/\/kanjoproducers.es\/en\/wp-json\/wp\/v2\/pages"}],"about":[{"href":"https:\/\/kanjoproducers.es\/en\/wp-json\/wp\/v2\/types\/page"}],"author":[{"embeddable":true,"href":"https:\/\/kanjoproducers.es\/en\/wp-json\/wp\/v2\/users\/1"}],"replies":[{"embeddable":true,"href":"https:\/\/kanjoproducers.es\/en\/wp-json\/wp\/v2\/comments?post=4092"}],"version-history":[{"count":0,"href":"https:\/\/kanjoproducers.es\/en\/wp-json\/wp\/v2\/pages\/4092\/revisions"}],"wp:attachment":[{"href":"https:\/\/kanjoproducers.es\/en\/wp-json\/wp\/v2\/media?parent=4092"}],"curies":[{"name":"wp","href":"https:\/\/api.w.org\/{rel}","templated":true}]}}