{"id":4165,"date":"2021-12-23T09:20:45","date_gmt":"2021-12-23T09:20:45","guid":{"rendered":"http:\/\/kanjoproducers.es\/video-brand\/"},"modified":"2022-05-06T08:17:57","modified_gmt":"2022-05-06T08:17:57","slug":"video-brand","status":"publish","type":"page","link":"https:\/\/kanjoproducers.es\/en\/video-brand-corporate-spots-advertising-motion-graphics\/","title":{"rendered":"Video Brand"},"content":{"rendered":"<section class=\"wpb-content-wrapper\"><p>[vc_row full_width=&#8221;stretch_row_content&#8221; video_bg=&#8221;yes&#8221; video_bg_url=&#8221;https:\/\/www.youtube.com\/watch?v=DA_Bd7ZzhtM&#8221;][vc_column parallax=&#8221;content-moving&#8221; css=&#8221;.vc_custom_1647258441334{background-color: rgba(10,10,10,0.34) !important;*background-color: rgb(10,10,10) !important;}&#8221; offset=&#8221;vc_hidden-sm vc_hidden-xs&#8221;][vc_empty_space height=&#8221;125&#8243;][ct_heading text=&#8221;VIDEO <ins>BRAND<\/ins>&#8221; align_lg=&#8221;align-center&#8221; align_md=&#8221;align-center-md&#8221; align_sm=&#8221;align-center-sm&#8221; align_xs=&#8221;align-center-xs&#8221; font_size_md=&#8221;36&#8243; font_size_sm=&#8221;32&#8243; font_size_xs=&#8221;32&#8243; font_weight=&#8221;400&#8243; text_color=&#8221;#ffffff&#8221; show_gap=&#8221;hide&#8221; font_weight_sub=&#8221;&#8221;][ct_heading text=&#8221;Spots, Corporate Video, Motion Graphics&#8221; tag=&#8221;h1&#8243; align_lg=&#8221;align-center&#8221; align_md=&#8221;align-center-md&#8221; align_sm=&#8221;align-center-sm&#8221; align_xs=&#8221;align-center-xs&#8221; font_size=&#8221;28&#8243; font_size_md=&#8221;28&#8243; font_size_sm=&#8221;28&#8243; font_size_xs=&#8221;28&#8243; font_weight=&#8221;&#8221; text_color=&#8221;#ffffff&#8221; subtitle_color=&#8221;#ffffff&#8221; font_weight_sub=&#8221;&#8221; description=&#8221;We create videos that generate the wow effect, excite and generate an impact on your audience.&#8221; description_color=&#8221;#ffffff&#8221;][vc_empty_space height=&#8221;50&#8243;][ct_angled angled_pos=&#8221;bottom&#8221; angled_color=&#8221;#ffffff&#8221; angled_height=&#8221;50&#8243;][ct_video_player video_link=&#8221;url:https%3A%2F%2Fvimeo.com%2F673087773|title:video%20brand&#8221; el_class=&#8221;d-flex justify-content-center&#8221;][vc_empty_space height=&#8221;35&#8243;][vc_column_text]<\/p>\n<h5 style=\"text-align: center; color: white;\">REEL VIDEO BRAND<\/h5>\n<p>[\/vc_column_text][vc_empty_space height=&#8221;125&#8243;][\/vc_column][\/vc_row][vc_row full_width=&#8221;stretch_row_content&#8221; parallax=&#8221;content-moving&#8221; parallax_image=&#8221;4337&#8243;][vc_column parallax=&#8221;content-moving&#8221; css=&#8221;.vc_custom_1647258434192{background-color: rgba(10,10,10,0.34) !important;*background-color: rgb(10,10,10) !important;}&#8221; offset=&#8221;vc_hidden-lg vc_hidden-md&#8221;][vc_empty_space height=&#8221;125&#8243;][ct_heading text=&#8221;VIDEO <ins>BRAND<\/ins>&#8221; align_lg=&#8221;align-center&#8221; align_md=&#8221;align-center-md&#8221; align_sm=&#8221;align-center-sm&#8221; align_xs=&#8221;align-center-xs&#8221; font_size_md=&#8221;36&#8243; font_size_sm=&#8221;32&#8243; font_size_xs=&#8221;32&#8243; font_weight=&#8221;400&#8243; text_color=&#8221;#ffffff&#8221; show_gap=&#8221;hide&#8221; font_weight_sub=&#8221;&#8221;][ct_heading text=&#8221;Spots, Corporate Video, Motion Graphics&#8221; tag=&#8221;h1&#8243; align_lg=&#8221;align-center&#8221; align_md=&#8221;align-center-md&#8221; align_sm=&#8221;align-center-sm&#8221; align_xs=&#8221;align-center-xs&#8221; font_size=&#8221;28&#8243; font_size_md=&#8221;28&#8243; font_size_sm=&#8221;28&#8243; font_size_xs=&#8221;28&#8243; font_weight=&#8221;&#8221; text_color=&#8221;#ffffff&#8221; subtitle_color=&#8221;#ffffff&#8221; font_weight_sub=&#8221;&#8221; description=&#8221;We create videos that generate the wow effect, excite and generate an impact on your audience.&#8221; description_color=&#8221;#ffffff&#8221;][vc_empty_space height=&#8221;50&#8243;][ct_angled angled_pos=&#8221;bottom&#8221; angled_color=&#8221;#ffffff&#8221; angled_height=&#8221;50&#8243;][ct_video_player video_link=&#8221;url:https%3A%2F%2Fvimeo.com%2F673087773|title:video%20brand&#8221; el_class=&#8221;d-flex justify-content-center&#8221;][vc_empty_space height=&#8221;35&#8243;][vc_column_text]<\/p>\n<h5 style=\"text-align: center; color: white;\">REEL VIDEO BRAND<\/h5>\n<p>[\/vc_column_text][vc_empty_space height=&#8221;125&#8243;][\/vc_column][\/vc_row][vc_row][vc_column offset=&#8221;vc_hidden-sm vc_hidden-xs&#8221;][vc_empty_space][vc_column_text el_class=&#8221;font-size: 23px;&#8221;]<\/p>\n<p style=\"text-align: center; font-size: 18px;\"><strong>At KANJO we transfer all the strength of branding and the building of your<br \/>\nbrand (your graphic image, your mission, your vision and its values), to video.<\/strong><\/p>\n<p>[\/vc_column_text][\/vc_column][\/vc_row][vc_row][vc_column offset=&#8221;vc_hidden-lg vc_hidden-md&#8221;][vc_empty_space height=&#8221;75px&#8221;][vc_column_text el_class=&#8221;font-size: 23px;&#8221;]<\/p>\n<p style=\"text-align: center; font-size: 18px;\"><strong>At KANJO we transfer all the strength of branding and the building of your<br \/>\nbrand (your graphic image, your mission, your vision and its values), to video.<\/strong><\/p>\n<p>[\/vc_column_text][\/vc_column][\/vc_row][vc_row][vc_column offset=&#8221;vc_hidden-sm vc_hidden-xs&#8221;][vc_empty_space height=&#8221;125px&#8221;][\/vc_column][\/vc_row][vc_row][vc_column width=&#8221;1\/2&#8243; css=&#8221;.vc_custom_1648549235875{padding-top: 0px !important;}&#8221; offset=&#8221;vc_hidden-sm vc_hidden-xs&#8221;][ct_heading text=&#8221;VIDEOS THAT<br \/>\n<ins>THRILL<\/ins>&#8221; font_weight=&#8221;&#8221; font_weight_sub=&#8221;&#8221;][vc_column_text]<b>What does it consist of?<\/b><\/p>\n<p>V\u00eddeo branding helps to directly contact the users or consumers of your brand, whether current or potential. in add\u00edt\u00edon. It serves to position yourself and build customer loyalty.<\/p>\n<p>Through video branding and storytelling we transmit the essence and values of your brand to appeal to the needs, feelings and EMOTIONS of those people who may be interested in acquiring your products or services.<\/p>\n<p><b>What do we do?<\/b><\/p>\n<p>At KANJO we create the <strong>visual identity of your brand through commercials and corporate videos.<\/strong><\/p>\n<p>We create commercials and corporate videos of the highest quality, always taking into account the needs and expectations of customers and showing the most EXCITING part of your company, capturing content consistent with your idea Is and a differentiated value proposition that is focused on arousing EMOTIONS and loyalty. of the audience.[\/vc_column_text][ct_button button_text=&#8221;Contact us&#8221; button_link=&#8221;url:http%3A%2F%2Fkanjoproducers.es%2Fen%2Fcontact-us%2F|title:Contact%20us&#8221;][vc_empty_space height=&#8221;50px&#8221;][\/vc_column][vc_column width=&#8221;1\/2&#8243; ct_column_class=&#8221;rm-padding-lg&#8221; css=&#8221;.vc_custom_1648549242240{padding-top: 41px !important;padding-left: 97px !important;}&#8221; offset=&#8221;vc_hidden-sm vc_hidden-xs&#8221;][vc_empty_space height=&#8221;115px&#8221;][ct_video_player video_link=&#8221;url:https%3A%2F%2Fplayer.vimeo.com%2Fvideo%2F652823466%3Fh%3Db835171d44&#8243; video_button_style=&#8221;style2&#8243; intro=&#8221;4298&#8243;][\/vc_column][\/vc_row][vc_row][vc_column width=&#8221;1\/2&#8243; offset=&#8221;vc_hidden-lg vc_hidden-md&#8221;][vc_empty_space height=&#8221;50px&#8221;][ct_heading text=&#8221;VIDEOS THAT<br \/>\n<ins>THRILL<\/ins>&#8221; font_weight=&#8221;&#8221; font_weight_sub=&#8221;&#8221;][vc_column_text]<b>What does it consist of?<\/b><\/p>\n<p>V\u00eddeo branding helps to directly contact the users or consumers of your brand, whether current or potential. in add\u00edt\u00edon. It serves to position yourself and build customer loyalty.<\/p>\n<p>Through video branding and storytelling we transmit the essence and values of your brand to appeal to the needs, feelings and EMOTIONS of those people who may be interested in acquiring your products or services.<\/p>\n<p><b>What do we do?<\/b><\/p>\n<p>At KANJO we create the <strong>visual identity of your brand through commercials and corporate videos.<\/strong><\/p>\n<p>We create commercials and corporate videos of the highest quality, always taking into account the needs and expectations of customers and showing the most EXCITING part of your company, capturing content consistent with your idea Is and a differentiated value proposition that is focused on arousing EMOTIONS and loyalty. of the audience.[\/vc_column_text][ct_button button_text=&#8221;Contact us&#8221; button_link=&#8221;url:http%3A%2F%2Fkanjoproducers.es%2Fen%2Fcontact-us%2F|title:Contact%20us&#8221;][vc_empty_space height=&#8221;50px&#8221;][\/vc_column][vc_column width=&#8221;1\/2&#8243; ct_column_class=&#8221;rm-padding-lg&#8221; css=&#8221;.vc_custom_1648549256429{padding-top: 41px !important;padding-left: 97px !important;}&#8221; offset=&#8221;vc_hidden-lg vc_hidden-md&#8221;][ct_video_player video_link=&#8221;url:https%3A%2F%2Fplayer.vimeo.com%2Fvideo%2F652823466%3Fh%3Db835171d44&#8243; video_button_style=&#8221;style2&#8243; intro=&#8221;4298&#8243;][vc_empty_space height=&#8221;75px&#8221;][\/vc_column][\/vc_row][vc_row full_width=&#8221;stretch_row&#8221; parallax=&#8221;content-moving&#8221; parallax_image=&#8221;1965&#8243; parallax_speed_bg=&#8221;3&#8243; ct_row_class=&#8221;row-overlay&#8221; css=&#8221;.vc_custom_1633679635755{background-color: rgba(0,0,0,0.4) !important;*background-color: rgb(0,0,0) !important;}&#8221;][vc_column css=&#8221;.vc_custom_1541752613255{padding-top: 100px !important;padding-bottom: 110px !important;}&#8221;][vc_empty_space height=&#8221;50px&#8221;][ct_heading text=&#8221;Specialist in&#8221; typing_style=&#8221;style2&#8243; tag=&#8221;h2&#8243; align_lg=&#8221;align-center&#8221; align_md=&#8221;align-center-md&#8221; align_sm=&#8221;align-center-sm&#8221; align_xs=&#8221;align-center-xs&#8221; font_weight=&#8221;&#8221; text_color=&#8221;#ffffff&#8221; show_gap=&#8221;hide&#8221; subtitle_color=&#8221;#ffffff&#8221; font_weight_sub=&#8221;&#8221; description_color=&#8221;#ffffff&#8221; typingout=&#8221;&#8220;Motion Graphics&#8220;, &#8220;2D&#8220;, &#8220;3D Animation&#8220;, &#8220;Vfx&#8220;&#8221;][vc_empty_space height=&#8221;50px&#8221;][\/vc_column][\/vc_row][vc_row][vc_column offset=&#8221;vc_hidden-sm vc_hidden-xs&#8221;][vc_empty_space height=&#8221;125px&#8221;][\/vc_column][\/vc_row][vc_row][vc_column width=&#8221;1\/2&#8243; css=&#8221;.vc_custom_1648549833131{padding-top: 0px !important;}&#8221; offset=&#8221;vc_hidden-sm vc_hidden-xs&#8221;][vc_empty_space height=&#8221;20rem&#8221;][ct_video_player video_link=&#8221;url:https%3A%2F%2Fvimeo.com%2F380707383|title:video%20brand&#8221; video_button_style=&#8221;style2&#8243; intro=&#8221;3237&#8243;][\/vc_column][vc_column width=&#8221;1\/2&#8243; ct_column_class=&#8221;rm-padding-lg&#8221; css=&#8221;.vc_custom_1648549839168{padding-top: 41px !important;padding-left: 97px !important;}&#8221; offset=&#8221;vc_hidden-sm vc_hidden-xs&#8221;][ct_heading text=&#8221;Discover the full potential of <ins>video branding<\/ins>&#8221; font_weight=&#8221;400&#8243; text_color=&#8221;#000000&#8243; subtitle_color=&#8221;#000000&#8243; font_weight_sub=&#8221;&#8221;][vc_empty_space height=&#8221;50px&#8221;][vc_column_text]<strong>Advertising spots &amp; video marketing<\/strong><br \/>\nWe create advertising communication using motion graphics, 30 and mixed techniques and we achieve greater v\u00edsibility for your brand.<\/p>\n<p><strong>Corporate video<\/strong><br \/>\nWe create internal. educational and training communication videos.<\/p>\n<p><strong>Product video<\/strong><br \/>\nWe model, texture and give life and emotion to your product.<\/p>\n<p><strong>lnstitutional video<\/strong><br \/>\nWe transmit your message and we make it reach more public.<\/p>\n<p><strong>Video Drone<\/strong><br \/>\nWe managed to reach where conventional video does not reach.[\/vc_column_text][ct_button button_text=&#8221;Contact us&#8221; button_link=&#8221;url:http%3A%2F%2Fkanjoproducers.es%2Fen%2Fcontact-us%2F|title:Contacta%20con%20nosotros&#8221;][vc_empty_space height=&#8221;50px&#8221;][\/vc_column][\/vc_row][vc_row][vc_column width=&#8221;1\/2&#8243; offset=&#8221;vc_hidden-lg vc_hidden-md&#8221;][vc_empty_space height=&#8221;50px&#8221;][ct_heading text=&#8221;Discover the full potential of <ins>video branding<\/ins>&#8221; font_weight=&#8221;400&#8243; text_color=&#8221;#000000&#8243; subtitle_color=&#8221;#000000&#8243; font_weight_sub=&#8221;&#8221;][vc_empty_space height=&#8221;50px&#8221;][vc_column_text]<strong>Advertising spots &amp; video marketing<\/strong><br \/>\nWe create advertising communication using motion graphics, 30 and mixed techniques and we achieve greater v\u00edsibility for your brand.<\/p>\n<p><strong>Corporate video<\/strong><br \/>\nWe create internal. educational and training communication videos.<\/p>\n<p><strong>Product video<\/strong><br \/>\nWe model, texture and give life and emotion to your product.<\/p>\n<p><strong>lnstitutional video<\/strong><br \/>\nWe transmit your message and we make it reach more public.<\/p>\n<p><strong>Video Drone<\/strong><br \/>\nWe managed to reach where conventional video does not reach.[\/vc_column_text][ct_button button_text=&#8221;Contact us&#8221; button_link=&#8221;url:http%3A%2F%2Fkanjoproducers.es%2Fen%2Fcontact-us%2F|title:Contacta%20con%20nosotros&#8221;][vc_empty_space height=&#8221;50px&#8221;][\/vc_column][vc_column width=&#8221;1\/2&#8243; ct_column_class=&#8221;rm-padding-lg&#8221; css=&#8221;.vc_custom_1648549853120{padding-top: 41px !important;padding-left: 97px !important;}&#8221; offset=&#8221;vc_hidden-lg vc_hidden-md&#8221;][ct_video_player video_link=&#8221;url:https%3A%2F%2Fvimeo.com%2F380707383|title:video%20brand&#8221; video_button_style=&#8221;style2&#8243; intro=&#8221;3237&#8243;][vc_empty_space height=&#8221;75px&#8221;][\/vc_column][\/vc_row]<\/p>\n<\/section>","protected":false},"excerpt":{"rendered":"<p>[vc_row full_width=&#8221;stretch_row_content&#8221; video_bg=&#8221;yes&#8221; video_bg_url=&#8221;https:\/\/www.youtube.com\/watch?v=DA_Bd7ZzhtM&#8221;][vc_column parallax=&#8221;content-moving&#8221; css=&#8221;.vc_custom_1647258441334{background-color: rgba(10,10,10,0.34) !important;*background-color: rgb(10,10,10) !important;}&#8221; offset=&#8221;vc_hidden-sm vc_hidden-xs&#8221;][vc_empty_space height=&#8221;125&#8243;][ct_heading text=&#8221;VIDEO BRAND&#8221; align_lg=&#8221;align-center&#8221; align_md=&#8221;align-center-md&#8221; align_sm=&#8221;align-center-sm&#8221; align_xs=&#8221;align-center-xs&#8221; font_size_md=&#8221;36&#8243; font_size_sm=&#8221;32&#8243; font_size_xs=&#8221;32&#8243; font_weight=&#8221;400&#8243; text_color=&#8221;#ffffff&#8221; show_gap=&#8221;hide&#8221; font_weight_sub=&#8221;&#8221;][ct_heading text=&#8221;Spots, Corporate Video, Motion Graphics&#8221; tag=&#8221;h1&#8243; align_lg=&#8221;align-center&#8221; align_md=&#8221;align-center-md&#8221; align_sm=&#8221;align-center-sm&#8221; align_xs=&#8221;align-center-xs&#8221; font_size=&#8221;28&#8243; font_size_md=&#8221;28&#8243; font_size_sm=&#8221;28&#8243; font_size_xs=&#8221;28&#8243; font_weight=&#8221;&#8221; text_color=&#8221;#ffffff&#8221; subtitle_color=&#8221;#ffffff&#8221; font_weight_sub=&#8221;&#8221; description=&#8221;We create videos that generate the wow effect, excite and generate [&hellip;]<\/p>\n","protected":false},"author":1,"featured_media":0,"parent":0,"menu_order":0,"comment_status":"closed","ping_status":"closed","template":"","meta":{"_seopress_robots_primary_cat":"","_seopress_titles_title":"","_seopress_titles_desc":"At KANJO we transfer all the strength of branding and the building of your\r\nbrand your graphic image your mission your vision and its values to video","_seopress_robots_index":"","footnotes":""},"_links":{"self":[{"href":"https:\/\/kanjoproducers.es\/en\/wp-json\/wp\/v2\/pages\/4165"}],"collection":[{"href":"https:\/\/kanjoproducers.es\/en\/wp-json\/wp\/v2\/pages"}],"about":[{"href":"https:\/\/kanjoproducers.es\/en\/wp-json\/wp\/v2\/types\/page"}],"author":[{"embeddable":true,"href":"https:\/\/kanjoproducers.es\/en\/wp-json\/wp\/v2\/users\/1"}],"replies":[{"embeddable":true,"href":"https:\/\/kanjoproducers.es\/en\/wp-json\/wp\/v2\/comments?post=4165"}],"version-history":[{"count":0,"href":"https:\/\/kanjoproducers.es\/en\/wp-json\/wp\/v2\/pages\/4165\/revisions"}],"wp:attachment":[{"href":"https:\/\/kanjoproducers.es\/en\/wp-json\/wp\/v2\/media?parent=4165"}],"curies":[{"name":"wp","href":"https:\/\/api.w.org\/{rel}","templated":true}]}}